{"id":8,"date":"2026-04-24T18:05:35","date_gmt":"2026-04-24T16:05:35","guid":{"rendered":"https:\/\/80jours.bylevupp.com\/?page_id=8"},"modified":"2026-04-29T16:37:34","modified_gmt":"2026-04-29T14:37:34","slug":"landing","status":"publish","type":"page","link":"https:\/\/aese.be\/","title":{"rendered":"Landing"},"content":{"rendered":"\n\n\n\n\n\n\n\n\n\n\n\n\n\n\n\n\n\n\n\n\n\n\n\n\n\n\n\n\n\n\n\n\n\n\n\n\n\n\n\n\n\n\n\n\n\n\n\n\n\n\n\n\n\n\n\n\n\n\n\n\n\n\n\n\n\n\n\n\n\n\n\n\n\n\n\n\n\n\n\n\n\n\n\n\n\n\n\n\n\n\n\n\n\n\n\n\n\n\n\n\n\n\n\n\n\n\n\n\n\n\n\n\n\n\n\n\n\n\n\n\n\n\n\n\n\n\n\n\n\n\n\n\n\n\n\n\n\n\n\n\n\n\n\n\n\n\n\n\n\n\n\n\n\n\n\n\n\n\n\n\n\n\n\n\n\n\n\n\n\n\n\n\n\n\n\n\n\n\n\n\n\n\n\n\n\n\n\n\n\n\n\n\n\n\n\n\n\n\n\n\n\n\n\n\n\n\n\n\n\n\n\n\n\n\n\n\n\n\n\n\n\n\n\n\n\n\n\n\n\n\n\n\n\n\n\n\n\n\n\n\n\n\n\n\n\n\n\n\n\n\n\n\n\n\n\n\n\n\n\n\n\n\n\n\n\n\n\n\n\n\n\n\n\n\n\n\n\n\n\n\n\n\n\n\n\n\n\n\n\n\n\n\n\n\n\n\n\n\n\n\n\n\n\n\n\n\n\n\n\n\n\n\n\n\n\n\n\n\n\n\n\n\n\n\n\n\n\n\n\n\n\n\n\n\n\n\n\n\n\n\n\n\n\n\n\n","protected":false},"excerpt":{"rendered":"","protected":false},"author":1,"featured_media":231,"parent":0,"menu_order":0,"comment_status":"closed","ping_status":"closed","template":"","meta":{"footnotes":""},"class_list":["post-8","page","type-page","status-publish","has-post-thumbnail","hentry"],"yoast_head":"<!-- This site is optimized with the Yoast SEO plugin v27.5 - https:\/\/yoast.com\/product\/yoast-seo-wordpress\/ -->\n<title>AESE | Remboursement IEEPA pour exportateurs fran\u00e7ais<\/title>\n<meta name=\"description\" content=\"L&#039;AESE accompagne les exportateurs fran\u00e7ais pour le remboursement des droits de douane IEEPA via CAPE. Agissez avant liquidation d\u00e9finitive.\" \/>\n<meta name=\"robots\" content=\"index, follow, max-snippet:-1, max-image-preview:large, max-video-preview:-1\" \/>\n<link rel=\"canonical\" href=\"https:\/\/aese.be\/\" \/>\n<meta property=\"og:locale\" content=\"fr_FR\" \/>\n<meta property=\"og:type\" content=\"article\" \/>\n<meta property=\"og:title\" content=\"AESE | Remboursement IEEPA pour exportateurs fran\u00e7ais\" \/>\n<meta property=\"og:description\" content=\"L&#039;AESE accompagne les exportateurs fran\u00e7ais pour le remboursement des droits de douane IEEPA via CAPE. Agissez avant liquidation d\u00e9finitive.\" \/>\n<meta property=\"og:url\" content=\"https:\/\/aese.be\/\" \/>\n<meta property=\"og:site_name\" content=\"aese.be\" \/>\n<meta property=\"article:modified_time\" content=\"2026-04-29T14:37:34+00:00\" \/>\n<meta property=\"og:image\" content=\"https:\/\/aese.be\/wp-content\/uploads\/2026\/04\/cover.png\" \/>\n\t<meta property=\"og:image:width\" content=\"1711\" \/>\n\t<meta property=\"og:image:height\" content=\"950\" \/>\n\t<meta property=\"og:image:type\" content=\"image\/png\" \/>\n<meta name=\"twitter:card\" content=\"summary_large_image\" \/>\n<meta name=\"twitter:label1\" content=\"Dur\u00e9e de lecture estim\u00e9e\" \/>\n\t<meta name=\"twitter:data1\" content=\"1 minute\" \/>\n<script type=\"application\/ld+json\" class=\"yoast-schema-graph\">{\"@context\":\"https:\\\/\\\/schema.org\",\"@graph\":[{\"@type\":\"WebPage\",\"@id\":\"https:\\\/\\\/aese.be\\\/\",\"url\":\"https:\\\/\\\/aese.be\\\/\",\"name\":\"AESE | Remboursement IEEPA pour exportateurs fran\u00e7ais\",\"isPartOf\":{\"@id\":\"https:\\\/\\\/aese.be\\\/#website\"},\"primaryImageOfPage\":{\"@id\":\"https:\\\/\\\/aese.be\\\/#primaryimage\"},\"image\":{\"@id\":\"https:\\\/\\\/aese.be\\\/#primaryimage\"},\"thumbnailUrl\":\"https:\\\/\\\/aese.be\\\/wp-content\\\/uploads\\\/2026\\\/04\\\/cover.png\",\"datePublished\":\"2026-04-24T16:05:35+00:00\",\"dateModified\":\"2026-04-29T14:37:34+00:00\",\"description\":\"L'AESE accompagne les exportateurs fran\u00e7ais pour le remboursement des droits de douane IEEPA via CAPE. Agissez avant liquidation d\u00e9finitive.\",\"breadcrumb\":{\"@id\":\"https:\\\/\\\/aese.be\\\/#breadcrumb\"},\"inLanguage\":\"fr-FR\",\"potentialAction\":[{\"@type\":\"ReadAction\",\"target\":[\"https:\\\/\\\/aese.be\\\/\"]}]},{\"@type\":\"ImageObject\",\"inLanguage\":\"fr-FR\",\"@id\":\"https:\\\/\\\/aese.be\\\/#primaryimage\",\"url\":\"https:\\\/\\\/aese.be\\\/wp-content\\\/uploads\\\/2026\\\/04\\\/cover.png\",\"contentUrl\":\"https:\\\/\\\/aese.be\\\/wp-content\\\/uploads\\\/2026\\\/04\\\/cover.png\",\"width\":1711,\"height\":950},{\"@type\":\"BreadcrumbList\",\"@id\":\"https:\\\/\\\/aese.be\\\/#breadcrumb\",\"itemListElement\":[{\"@type\":\"ListItem\",\"position\":1,\"name\":\"Accueil\",\"item\":\"https:\\\/\\\/aese.be\\\/\"},{\"@type\":\"ListItem\",\"position\":2,\"name\":\"Landing\"}]},{\"@type\":\"WebSite\",\"@id\":\"https:\\\/\\\/aese.be\\\/#website\",\"url\":\"https:\\\/\\\/aese.be\\\/\",\"name\":\"AESE\",\"description\":\"\",\"publisher\":{\"@id\":\"https:\\\/\\\/aese.be\\\/#organization\"},\"potentialAction\":[{\"@type\":\"SearchAction\",\"target\":{\"@type\":\"EntryPoint\",\"urlTemplate\":\"https:\\\/\\\/aese.be\\\/?s={search_term_string}\"},\"query-input\":{\"@type\":\"PropertyValueSpecification\",\"valueRequired\":true,\"valueName\":\"search_term_string\"}}],\"inLanguage\":\"fr-FR\"},{\"@type\":\"Organization\",\"@id\":\"https:\\\/\\\/aese.be\\\/#organization\",\"name\":\"AESE\",\"url\":\"https:\\\/\\\/aese.be\\\/\",\"logo\":{\"@type\":\"ImageObject\",\"inLanguage\":\"fr-FR\",\"@id\":\"https:\\\/\\\/aese.be\\\/#\\\/schema\\\/logo\\\/image\\\/\",\"url\":\"https:\\\/\\\/aese.be\\\/wp-content\\\/uploads\\\/2026\\\/04\\\/logo.png\",\"contentUrl\":\"https:\\\/\\\/aese.be\\\/wp-content\\\/uploads\\\/2026\\\/04\\\/logo.png\",\"width\":500,\"height\":250,\"caption\":\"AESE\"},\"image\":{\"@id\":\"https:\\\/\\\/aese.be\\\/#\\\/schema\\\/logo\\\/image\\\/\"}}]}<\/script>\n<!-- \/ Yoast SEO plugin. -->","yoast_head_json":{"title":"AESE | Remboursement IEEPA pour exportateurs fran\u00e7ais","description":"L'AESE accompagne les exportateurs fran\u00e7ais pour le remboursement des droits de douane IEEPA via CAPE. Agissez avant liquidation d\u00e9finitive.","robots":{"index":"index","follow":"follow","max-snippet":"max-snippet:-1","max-image-preview":"max-image-preview:large","max-video-preview":"max-video-preview:-1"},"canonical":"https:\/\/aese.be\/","og_locale":"fr_FR","og_type":"article","og_title":"AESE | Remboursement IEEPA pour exportateurs fran\u00e7ais","og_description":"L'AESE accompagne les exportateurs fran\u00e7ais pour le remboursement des droits de douane IEEPA via CAPE. Agissez avant liquidation d\u00e9finitive.","og_url":"https:\/\/aese.be\/","og_site_name":"aese.be","article_modified_time":"2026-04-29T14:37:34+00:00","og_image":[{"width":1711,"height":950,"url":"https:\/\/aese.be\/wp-content\/uploads\/2026\/04\/cover.png","type":"image\/png"}],"twitter_card":"summary_large_image","twitter_misc":{"Dur\u00e9e de lecture estim\u00e9e":"1 minute"},"schema":{"@context":"https:\/\/schema.org","@graph":[{"@type":"WebPage","@id":"https:\/\/aese.be\/","url":"https:\/\/aese.be\/","name":"AESE | Remboursement IEEPA pour exportateurs fran\u00e7ais","isPartOf":{"@id":"https:\/\/aese.be\/#website"},"primaryImageOfPage":{"@id":"https:\/\/aese.be\/#primaryimage"},"image":{"@id":"https:\/\/aese.be\/#primaryimage"},"thumbnailUrl":"https:\/\/aese.be\/wp-content\/uploads\/2026\/04\/cover.png","datePublished":"2026-04-24T16:05:35+00:00","dateModified":"2026-04-29T14:37:34+00:00","description":"L'AESE accompagne les exportateurs fran\u00e7ais pour le remboursement des droits de douane IEEPA via CAPE. Agissez avant liquidation d\u00e9finitive.","breadcrumb":{"@id":"https:\/\/aese.be\/#breadcrumb"},"inLanguage":"fr-FR","potentialAction":[{"@type":"ReadAction","target":["https:\/\/aese.be\/"]}]},{"@type":"ImageObject","inLanguage":"fr-FR","@id":"https:\/\/aese.be\/#primaryimage","url":"https:\/\/aese.be\/wp-content\/uploads\/2026\/04\/cover.png","contentUrl":"https:\/\/aese.be\/wp-content\/uploads\/2026\/04\/cover.png","width":1711,"height":950},{"@type":"BreadcrumbList","@id":"https:\/\/aese.be\/#breadcrumb","itemListElement":[{"@type":"ListItem","position":1,"name":"Accueil","item":"https:\/\/aese.be\/"},{"@type":"ListItem","position":2,"name":"Landing"}]},{"@type":"WebSite","@id":"https:\/\/aese.be\/#website","url":"https:\/\/aese.be\/","name":"AESE","description":"","publisher":{"@id":"https:\/\/aese.be\/#organization"},"potentialAction":[{"@type":"SearchAction","target":{"@type":"EntryPoint","urlTemplate":"https:\/\/aese.be\/?s={search_term_string}"},"query-input":{"@type":"PropertyValueSpecification","valueRequired":true,"valueName":"search_term_string"}}],"inLanguage":"fr-FR"},{"@type":"Organization","@id":"https:\/\/aese.be\/#organization","name":"AESE","url":"https:\/\/aese.be\/","logo":{"@type":"ImageObject","inLanguage":"fr-FR","@id":"https:\/\/aese.be\/#\/schema\/logo\/image\/","url":"https:\/\/aese.be\/wp-content\/uploads\/2026\/04\/logo.png","contentUrl":"https:\/\/aese.be\/wp-content\/uploads\/2026\/04\/logo.png","width":500,"height":250,"caption":"AESE"},"image":{"@id":"https:\/\/aese.be\/#\/schema\/logo\/image\/"}}]}},"_links":{"self":[{"href":"https:\/\/aese.be\/wp-json\/wp\/v2\/pages\/8","targetHints":{"allow":["GET"]}}],"collection":[{"href":"https:\/\/aese.be\/wp-json\/wp\/v2\/pages"}],"about":[{"href":"https:\/\/aese.be\/wp-json\/wp\/v2\/types\/page"}],"author":[{"embeddable":true,"href":"https:\/\/aese.be\/wp-json\/wp\/v2\/users\/1"}],"replies":[{"embeddable":true,"href":"https:\/\/aese.be\/wp-json\/wp\/v2\/comments?post=8"}],"version-history":[{"count":5,"href":"https:\/\/aese.be\/wp-json\/wp\/v2\/pages\/8\/revisions"}],"predecessor-version":[{"id":251,"href":"https:\/\/aese.be\/wp-json\/wp\/v2\/pages\/8\/revisions\/251"}],"wp:featuredmedia":[{"embeddable":true,"href":"https:\/\/aese.be\/wp-json\/wp\/v2\/media\/231"}],"wp:attachment":[{"href":"https:\/\/aese.be\/wp-json\/wp\/v2\/media?parent=8"}],"curies":[{"name":"wp","href":"https:\/\/api.w.org\/{rel}","templated":true}]}}